{"id":1184,"date":"2017-09-14T10:43:12","date_gmt":"2017-09-14T10:43:12","guid":{"rendered":"https:\/\/perfectsolutionfze.com\/?page_id=1184"},"modified":"2022-11-11T17:54:44","modified_gmt":"2022-11-11T17:54:44","slug":"about-us","status":"publish","type":"page","link":"https:\/\/perfectsolutionfze.com\/?page_id=1184","title":{"rendered":"About Us"},"content":{"rendered":"\t\t<div data-elementor-type=\"wp-post\" data-elementor-id=\"1184\" class=\"elementor elementor-1184\">\n\t\t\t\t\t\t<section class=\"elementor-section elementor-top-section elementor-element elementor-element-b5fb0ec elementor-section-boxed elementor-section-height-default elementor-section-height-default\" data-id=\"b5fb0ec\" data-element_type=\"section\" data-e-type=\"section\" data-settings=\"{&quot;background_background&quot;:&quot;classic&quot;}\">\n\t\t\t\t\t\t\t<div class=\"elementor-background-overlay\"><\/div>\n\t\t\t\t\t\t\t<div class=\"elementor-container elementor-column-gap-no\">\n\t\t\t\t\t<div class=\"elementor-column elementor-col-100 elementor-top-column elementor-element elementor-element-211dd39\" data-id=\"211dd39\" data-element_type=\"column\" data-e-type=\"column\">\n\t\t\t<div class=\"elementor-widget-wrap elementor-element-populated\">\n\t\t\t\t\t\t<div class=\"elementor-element elementor-element-3b23e95 elementor-widget elementor-widget-heading\" data-id=\"3b23e95\" data-element_type=\"widget\" data-e-type=\"widget\" data-widget_type=\"heading.default\">\n\t\t\t\t<div class=\"elementor-widget-container\">\n\t\t\t\t\t<h1 class=\"elementor-heading-title elementor-size-default\">Services<\/h1>\t\t\t\t<\/div>\n\t\t\t\t<\/div>\n\t\t\t\t<div class=\"elementor-element elementor-element-e342adf elementor-widget elementor-widget-text-editor\" data-id=\"e342adf\" data-element_type=\"widget\" data-e-type=\"widget\" data-widget_type=\"text-editor.default\">\n\t\t\t\t<div class=\"elementor-widget-container\">\n\t\t\t\t\t\t\t\t\t<p>Financial markets and price risks linked to market volatility, which depend on a number of economic, geopolitical and even climate-related factors.<\/p>\t\t\t\t\t\t\t\t<\/div>\n\t\t\t\t<\/div>\n\t\t\t\t\t<\/div>\n\t\t<\/div>\n\t\t\t\t\t<\/div>\n\t\t<\/section>\n\t\t\t\t<section class=\"elementor-section elementor-top-section elementor-element elementor-element-c989d7a elementor-section-content-middle elementor-section-boxed elementor-section-height-default elementor-section-height-default\" data-id=\"c989d7a\" data-element_type=\"section\" data-e-type=\"section\" data-settings=\"{&quot;background_background&quot;:&quot;classic&quot;}\">\n\t\t\t\t\t\t<div class=\"elementor-container elementor-column-gap-no\">\n\t\t\t\t\t<div class=\"elementor-column elementor-col-50 elementor-top-column elementor-element elementor-element-54a6fa2\" data-id=\"54a6fa2\" data-element_type=\"column\" data-e-type=\"column\" data-settings=\"{&quot;background_background&quot;:&quot;classic&quot;}\">\n\t\t\t<div class=\"elementor-widget-wrap elementor-element-populated\">\n\t\t\t\t\t<div class=\"elementor-background-overlay\"><\/div>\n\t\t\t\t\t\t<div class=\"elementor-element elementor-element-c4d4394 elementor-widget elementor-widget-heading\" data-id=\"c4d4394\" data-element_type=\"widget\" data-e-type=\"widget\" data-widget_type=\"heading.default\">\n\t\t\t\t<div class=\"elementor-widget-container\">\n\t\t\t\t\t<h2 class=\"elementor-heading-title elementor-size-default\">OIL &amp; GAS PRODUCTION<\/h2>\t\t\t\t<\/div>\n\t\t\t\t<\/div>\n\t\t\t\t<div class=\"elementor-element elementor-element-3b2ecaa elementor-widget elementor-widget-image\" data-id=\"3b2ecaa\" data-element_type=\"widget\" data-e-type=\"widget\" data-widget_type=\"image.default\">\n\t\t\t\t<div class=\"elementor-widget-container\">\n\t\t\t\t\t\t\t\t\t\t\t\t\t\t\t<img fetchpriority=\"high\" decoding=\"async\" width=\"820\" height=\"462\" src=\"https:\/\/perfectsolutionfze.com\/wp-content\/uploads\/2022\/11\/Halva\u0301ny-E\u0301gszi\u0301nke\u0301k-Divat-Facebook-Bori\u0301to\u0301-3-1.png\" class=\"attachment-full size-full wp-image-1326\" alt=\"\" srcset=\"https:\/\/perfectsolutionfze.com\/wp-content\/uploads\/2022\/11\/Halva\u0301ny-E\u0301gszi\u0301nke\u0301k-Divat-Facebook-Bori\u0301to\u0301-3-1.png 820w, https:\/\/perfectsolutionfze.com\/wp-content\/uploads\/2022\/11\/Halva\u0301ny-E\u0301gszi\u0301nke\u0301k-Divat-Facebook-Bori\u0301to\u0301-3-1-300x169.png 300w, https:\/\/perfectsolutionfze.com\/wp-content\/uploads\/2022\/11\/Halva\u0301ny-E\u0301gszi\u0301nke\u0301k-Divat-Facebook-Bori\u0301to\u0301-3-1-768x433.png 768w\" sizes=\"(max-width: 820px) 100vw, 820px\" \/>\t\t\t\t\t\t\t\t\t\t\t\t\t\t\t<\/div>\n\t\t\t\t<\/div>\n\t\t\t\t\t<\/div>\n\t\t<\/div>\n\t\t\t\t<div class=\"elementor-column elementor-col-50 elementor-top-column elementor-element elementor-element-ab07cb0\" data-id=\"ab07cb0\" data-element_type=\"column\" data-e-type=\"column\">\n\t\t\t<div class=\"elementor-widget-wrap elementor-element-populated\">\n\t\t\t\t\t\t<div class=\"elementor-element elementor-element-7ce5602 elementor-widget elementor-widget-text-editor\" data-id=\"7ce5602\" data-element_type=\"widget\" data-e-type=\"widget\" data-widget_type=\"text-editor.default\">\n\t\t\t\t<div class=\"elementor-widget-container\">\n\t\t\t\t\t\t\t\t\t<p>Market volatility in the gas and oil trade demands traders to constantly be able to overcome the various economic and geopolitical factors when making decisions<br \/>about how and when to act. Constantly in search for exploring their options and expanding their supply base, buyers are non-stop on the search for the best possible<br \/>price, paired with exceptional product quality and overall a seamless delivery process. Suppliers and buyers both need trustworthy genuine clients who offer fair prices and agree to reasonable terms and conditions, Perfect Solutions can satisfy both parties by leveraging long-standing relationships with major buyers\/suppliers around the globe, and can secure regular allocations of oil and gas coming from some of the biggest producers in the region. LNG (oil and gas-hez kieg\u00e9sz\u00edt\u0151) The liquefaction sector is expected to be the largest market during the forecast period, owing to the increasing investment by LNG exporting countries, the market is set to consume 60 million metric tons of LNG before 2030. Being one of the key energy carriers in the present, our company has access to high-level suppliers, and thus can mitigate rising transport times and prices.<\/p>\t\t\t\t\t\t\t\t<\/div>\n\t\t\t\t<\/div>\n\t\t\t\t\t<\/div>\n\t\t<\/div>\n\t\t\t\t\t<\/div>\n\t\t<\/section>\n\t\t\t\t<section class=\"elementor-section elementor-top-section elementor-element elementor-element-536914d elementor-section-content-middle elementor-section-boxed elementor-section-height-default elementor-section-height-default\" data-id=\"536914d\" data-element_type=\"section\" data-e-type=\"section\" data-settings=\"{&quot;background_background&quot;:&quot;classic&quot;}\">\n\t\t\t\t\t\t<div class=\"elementor-container elementor-column-gap-no\">\n\t\t\t\t\t<div class=\"elementor-column elementor-col-50 elementor-top-column elementor-element elementor-element-cd93d28\" data-id=\"cd93d28\" data-element_type=\"column\" data-e-type=\"column\">\n\t\t\t<div class=\"elementor-widget-wrap elementor-element-populated\">\n\t\t\t\t\t\t<div class=\"elementor-element elementor-element-e9bb90e elementor-widget elementor-widget-heading\" data-id=\"e9bb90e\" data-element_type=\"widget\" data-e-type=\"widget\" data-widget_type=\"heading.default\">\n\t\t\t\t<div class=\"elementor-widget-container\">\n\t\t\t\t\t<h2 class=\"elementor-heading-title elementor-size-default\">ENERGY CARRIERS<\/h2>\t\t\t\t<\/div>\n\t\t\t\t<\/div>\n\t\t\t\t<div class=\"elementor-element elementor-element-aa6f5b1 elementor-widget elementor-widget-text-editor\" data-id=\"aa6f5b1\" data-element_type=\"widget\" data-e-type=\"widget\" data-widget_type=\"text-editor.default\">\n\t\t\t\t<div class=\"elementor-widget-container\">\n\t\t\t\t\t\t\t\t\t<p>With recent events, and a looming energy-crisis, we have devoted much of our time and infrastructure in the procurement and short-notice supply of bituminous coal for<br \/>the European energy market. We have built trustworthy trade-relations with many European and EU member<br \/>governments, and energy providers who count on us to provide them with high quality essential energy, for a stable future. We source or products from a diverse palette of international partners, depending on the quality and quantity needed by our clients.<\/p>\t\t\t\t\t\t\t\t<\/div>\n\t\t\t\t<\/div>\n\t\t\t\t\t<\/div>\n\t\t<\/div>\n\t\t\t\t<div class=\"elementor-column elementor-col-50 elementor-top-column elementor-element elementor-element-d696d53\" data-id=\"d696d53\" data-element_type=\"column\" data-e-type=\"column\" data-settings=\"{&quot;background_background&quot;:&quot;classic&quot;}\">\n\t\t\t<div class=\"elementor-widget-wrap elementor-element-populated\">\n\t\t\t\t\t<div class=\"elementor-background-overlay\"><\/div>\n\t\t\t\t\t\t<div class=\"elementor-element elementor-element-23b8262 elementor-widget elementor-widget-image\" data-id=\"23b8262\" data-element_type=\"widget\" data-e-type=\"widget\" data-widget_type=\"image.default\">\n\t\t\t\t<div class=\"elementor-widget-container\">\n\t\t\t\t\t\t\t\t\t\t\t\t\t\t\t<img decoding=\"async\" width=\"800\" height=\"449\" src=\"https:\/\/perfectsolutionfze.com\/wp-content\/uploads\/2022\/11\/315112586_2524338041039326_8618282791373767801_n.jpg\" class=\"attachment-full size-full wp-image-1452\" alt=\"\" srcset=\"https:\/\/perfectsolutionfze.com\/wp-content\/uploads\/2022\/11\/315112586_2524338041039326_8618282791373767801_n.jpg 800w, https:\/\/perfectsolutionfze.com\/wp-content\/uploads\/2022\/11\/315112586_2524338041039326_8618282791373767801_n-300x168.jpg 300w, https:\/\/perfectsolutionfze.com\/wp-content\/uploads\/2022\/11\/315112586_2524338041039326_8618282791373767801_n-768x431.jpg 768w\" sizes=\"(max-width: 800px) 100vw, 800px\" \/>\t\t\t\t\t\t\t\t\t\t\t\t\t\t\t<\/div>\n\t\t\t\t<\/div>\n\t\t\t\t\t<\/div>\n\t\t<\/div>\n\t\t\t\t\t<\/div>\n\t\t<\/section>\n\t\t\t\t<section class=\"elementor-section elementor-top-section elementor-element elementor-element-6f749bd elementor-section-content-middle elementor-section-boxed elementor-section-height-default elementor-section-height-default\" data-id=\"6f749bd\" data-element_type=\"section\" data-e-type=\"section\" data-settings=\"{&quot;background_background&quot;:&quot;classic&quot;}\">\n\t\t\t\t\t\t<div class=\"elementor-container elementor-column-gap-no\">\n\t\t\t\t\t<div class=\"elementor-column elementor-col-50 elementor-top-column elementor-element elementor-element-49ad4cb\" data-id=\"49ad4cb\" data-element_type=\"column\" data-e-type=\"column\" data-settings=\"{&quot;background_background&quot;:&quot;classic&quot;}\">\n\t\t\t<div class=\"elementor-widget-wrap elementor-element-populated\">\n\t\t\t\t\t<div class=\"elementor-background-overlay\"><\/div>\n\t\t\t\t\t\t<div class=\"elementor-element elementor-element-5e5b56f elementor-widget elementor-widget-image\" data-id=\"5e5b56f\" data-element_type=\"widget\" data-e-type=\"widget\" data-widget_type=\"image.default\">\n\t\t\t\t<div class=\"elementor-widget-container\">\n\t\t\t\t\t\t\t\t\t\t\t\t\t\t\t<img decoding=\"async\" width=\"1600\" height=\"1066\" src=\"https:\/\/perfectsolutionfze.com\/wp-content\/uploads\/2022\/11\/315354324_489929586425687_3652833609218838566_n.jpg\" class=\"attachment-full size-full wp-image-1453\" alt=\"\" srcset=\"https:\/\/perfectsolutionfze.com\/wp-content\/uploads\/2022\/11\/315354324_489929586425687_3652833609218838566_n.jpg 1600w, https:\/\/perfectsolutionfze.com\/wp-content\/uploads\/2022\/11\/315354324_489929586425687_3652833609218838566_n-300x200.jpg 300w, https:\/\/perfectsolutionfze.com\/wp-content\/uploads\/2022\/11\/315354324_489929586425687_3652833609218838566_n-1024x682.jpg 1024w, https:\/\/perfectsolutionfze.com\/wp-content\/uploads\/2022\/11\/315354324_489929586425687_3652833609218838566_n-768x512.jpg 768w, https:\/\/perfectsolutionfze.com\/wp-content\/uploads\/2022\/11\/315354324_489929586425687_3652833609218838566_n-1536x1023.jpg 1536w\" sizes=\"(max-width: 1600px) 100vw, 1600px\" \/>\t\t\t\t\t\t\t\t\t\t\t\t\t\t\t<\/div>\n\t\t\t\t<\/div>\n\t\t\t\t\t<\/div>\n\t\t<\/div>\n\t\t\t\t<div class=\"elementor-column elementor-col-50 elementor-top-column elementor-element elementor-element-8fad153\" data-id=\"8fad153\" data-element_type=\"column\" data-e-type=\"column\">\n\t\t\t<div class=\"elementor-widget-wrap elementor-element-populated\">\n\t\t\t\t\t\t<div class=\"elementor-element elementor-element-1add599 elementor-widget elementor-widget-heading\" data-id=\"1add599\" data-element_type=\"widget\" data-e-type=\"widget\" data-widget_type=\"heading.default\">\n\t\t\t\t<div class=\"elementor-widget-container\">\n\t\t\t\t\t<h2 class=\"elementor-heading-title elementor-size-default\">METAL<\/h2>\t\t\t\t<\/div>\n\t\t\t\t<\/div>\n\t\t\t\t<div class=\"elementor-element elementor-element-07ee1d2 elementor-widget elementor-widget-text-editor\" data-id=\"07ee1d2\" data-element_type=\"widget\" data-e-type=\"widget\" data-widget_type=\"text-editor.default\">\n\t\t\t\t<div class=\"elementor-widget-container\">\n\t\t\t\t\t\t\t\t\t<p>Besides energy carriers, Perfect Solutions is present in the ever-growing metals market, and has become a strategic distributor of Copper for mines and has positioned itself ahead of this emerging market. If you\u2019re looking for hard-to-get allocations, and exponentially short delivery times, Perfect Solutions is the perfect solution.<\/p>\t\t\t\t\t\t\t\t<\/div>\n\t\t\t\t<\/div>\n\t\t\t\t\t<\/div>\n\t\t<\/div>\n\t\t\t\t\t<\/div>\n\t\t<\/section>\n\t\t\t\t<\/div>\n\t\t","protected":false},"excerpt":{"rendered":"<p>Services Financial markets and price risks linked to market volatility, which depend on a number of economic, geopolitical and even climate-related factors. OIL &amp; GAS PRODUCTION Market volatility in the gas and oil trade demands traders to constantly be able to overcome the various economic and geopolitical factors when making decisionsabout how and when to &hellip;<\/p>\n<p class=\"read-more\"> <a class=\"\" href=\"https:\/\/perfectsolutionfze.com\/?page_id=1184\"> <span class=\"screen-reader-text\">About Us<\/span> Read More &raquo;<\/a><\/p>\n","protected":false},"author":1,"featured_media":0,"parent":0,"menu_order":0,"comment_status":"closed","ping_status":"closed","template":"","meta":{"site-sidebar-layout":"no-sidebar","site-content-layout":"page-builder","ast-global-header-display":"","ast-main-header-display":"","ast-hfb-above-header-display":"","ast-hfb-below-header-display":"","ast-hfb-mobile-header-display":"","site-post-title":"disabled","ast-breadcrumbs-content":"","ast-featured-img":"disabled","footer-sml-layout":"","theme-transparent-header-meta":"enabled","adv-header-id-meta":"","stick-header-meta":"","header-above-stick-meta":"","header-main-stick-meta":"","header-below-stick-meta":"","footnotes":""},"class_list":["post-1184","page","type-page","status-publish","hentry"],"_links":{"self":[{"href":"https:\/\/perfectsolutionfze.com\/index.php?rest_route=\/wp\/v2\/pages\/1184","targetHints":{"allow":["GET"]}}],"collection":[{"href":"https:\/\/perfectsolutionfze.com\/index.php?rest_route=\/wp\/v2\/pages"}],"about":[{"href":"https:\/\/perfectsolutionfze.com\/index.php?rest_route=\/wp\/v2\/types\/page"}],"author":[{"embeddable":true,"href":"https:\/\/perfectsolutionfze.com\/index.php?rest_route=\/wp\/v2\/users\/1"}],"replies":[{"embeddable":true,"href":"https:\/\/perfectsolutionfze.com\/index.php?rest_route=%2Fwp%2Fv2%2Fcomments&post=1184"}],"version-history":[{"count":10,"href":"https:\/\/perfectsolutionfze.com\/index.php?rest_route=\/wp\/v2\/pages\/1184\/revisions"}],"predecessor-version":[{"id":1486,"href":"https:\/\/perfectsolutionfze.com\/index.php?rest_route=\/wp\/v2\/pages\/1184\/revisions\/1486"}],"wp:attachment":[{"href":"https:\/\/perfectsolutionfze.com\/index.php?rest_route=%2Fwp%2Fv2%2Fmedia&parent=1184"}],"curies":[{"name":"wp","href":"https:\/\/api.w.org\/{rel}","templated":true}]}}